{"id":11,"date":"2025-03-06T19:55:28","date_gmt":"2025-03-06T19:55:28","guid":{"rendered":"https:\/\/tg.data-typhoon.com\/?page_id=11"},"modified":"2025-03-07T11:33:37","modified_gmt":"2025-03-07T11:33:37","slug":"home","status":"publish","type":"page","link":"https:\/\/tg.data-typhoon.com\/","title":{"rendered":"Home"},"content":{"rendered":"<p>[et_pb_section fb_built=&#8220;1&#8243; admin_label=&#8220;Header&#8220; _builder_version=&#8220;4.27.4&#8243; _module_preset=&#8220;4a3e3929-b3ad-4cf3-bb5c-6ea27db1afac&#8220; background_color_gradient_direction=&#8220;103deg&#8220; background_image=&#8220;https:\/\/tg.data-typhoon.com\/wp-content\/uploads\/2025\/03\/hintergrund.webp&#8220; custom_padding=&#8220;6vw||6vw||true|false&#8220; hover_enabled=&#8220;0&#8243; collapsed=&#8220;on&#8220; global_colors_info=&#8220;{}&#8220; sticky_enabled=&#8220;0&#8243; background_color_gradient_stops=&#8220;#1b2049 35%|gcid-4907c8d4-9eff-49de-91ce-43a2d3a729cf 64%&#8220;][et_pb_row _builder_version=&#8220;4.27.2&#8243; _module_preset=&#8220;default&#8220; global_colors_info=&#8220;{}&#8220;][et_pb_column type=&#8220;4_4&#8243; _builder_version=&#8220;4.27.2&#8243; _module_preset=&#8220;default&#8220; global_colors_info=&#8220;{}&#8220;][et_pb_heading title=&#8220;THEI\u00df  GER\u00dcSTBAU&#8220; _builder_version=&#8220;4.27.4&#8243; _module_preset=&#8220;1babb2f1-3b6a-4d54-81a7-d46b6a39fcd8&#8243; title_text_color=&#8220;#FFFFFF&#8220; max_width=&#8220;960px&#8220; global_colors_info=&#8220;{}&#8220;][\/et_pb_heading][et_pb_blurb title=&#8220;Fassadenger\u00fcste&#8220; use_icon=&#8220;on&#8220; font_icon=&#8220;&#xf00c;||fa||900&#8243; icon_color=&#8220;#FFFFFF&#8220; image_icon_width=&#8220;32px&#8220; _builder_version=&#8220;4.27.4&#8243; _module_preset=&#8220;3fe41776-49fa-4724-ae2d-f19229b8cd18&#8243; custom_margin=&#8220;||10px||false|false&#8220;][\/et_pb_blurb][et_pb_blurb title=&#8220;Industrieger\u00fcste&#8220; use_icon=&#8220;on&#8220; font_icon=&#8220;&#xf00c;||fa||900&#8243; icon_color=&#8220;#FFFFFF&#8220; image_icon_width=&#8220;32px&#8220; _builder_version=&#8220;4.27.4&#8243; _module_preset=&#8220;3fe41776-49fa-4724-ae2d-f19229b8cd18&#8243; custom_margin=&#8220;||10px||false|false&#8220;][\/et_pb_blurb][et_pb_blurb title=&#8220;Bauaufz\u00fcge &#038; Arbeitsb\u00fchnen&#8220; use_icon=&#8220;on&#8220; font_icon=&#8220;&#xf00c;||fa||900&#8243; icon_color=&#8220;#FFFFFF&#8220; image_icon_width=&#8220;32px&#8220; _builder_version=&#8220;4.27.4&#8243; _module_preset=&#8220;3fe41776-49fa-4724-ae2d-f19229b8cd18&#8243; custom_margin=&#8220;||10px||false|false&#8220;][\/et_pb_blurb][et_pb_button button_text=&#8220;Anfrage stellen&#8220; _builder_version=&#8220;4.27.4&#8243; _module_preset=&#8220;5d370185-e77d-4f46-9398-f19f01132da8&#8243; custom_margin=&#8220;30px||||false|false&#8220; global_colors_info=&#8220;{}&#8220;][\/et_pb_button][\/et_pb_column][\/et_pb_row][\/et_pb_section][et_pb_section fb_built=&#8220;1&#8243; admin_label=&#8220;Offers&#8220; _builder_version=&#8220;4.27.2&#8243; _module_preset=&#8220;default&#8220; custom_padding=&#8220;1px||||false|false&#8220; global_colors_info=&#8220;{}&#8220;][et_pb_row column_structure=&#8220;1_3,1_3,1_3&#8243; make_equal=&#8220;on&#8220; _builder_version=&#8220;4.27.2&#8243; _module_preset=&#8220;default&#8220; custom_margin=&#8220;-6vw|auto||auto|false|false&#8220; locked=&#8220;off&#8220; global_colors_info=&#8220;{}&#8220;][et_pb_column type=&#8220;1_3&#8243; _builder_version=&#8220;4.27.2&#8243; _module_preset=&#8220;default&#8220; global_colors_info=&#8220;{}&#8220;][\/et_pb_column][et_pb_column type=&#8220;1_3&#8243; _builder_version=&#8220;4.27.2&#8243; _module_preset=&#8220;22a5679e-21af-4846-9f8f-4fa8d6aa7fa4&#8243; custom_padding=&#8220;60px|40px|60px|40px|true|true&#8220; global_colors_info=&#8220;{}&#8220;][et_pb_heading title=&#8220;Rufen Sie uns an&#8220; _builder_version=&#8220;4.27.4&#8243; _module_preset=&#8220;df1101d0-acfc-4365-acdd-4fbebf70834a&#8220; title_text_color=&#8220;#FFFFFF&#8220; global_colors_info=&#8220;{}&#8220;][\/et_pb_heading][et_pb_heading title=&#8220;02052 96 13 80&#8243; _builder_version=&#8220;4.27.4&#8243; _module_preset=&#8220;e5fa5113-0465-467d-bdda-10445462d8b5&#8243; title_text_color=&#8220;#FFFFFF&#8220; custom_margin=&#8220;||10px||false|false&#8220; global_colors_info=&#8220;{}&#8220;][\/et_pb_heading][et_pb_button button_text=&#8220;zum Anfrageformular&#8220; _builder_version=&#8220;4.27.4&#8243; _module_preset=&#8220;85081c50-02ef-4ab1-9607-312100dae345&#8243; global_colors_info=&#8220;{}&#8220;][\/et_pb_button][\/et_pb_column][et_pb_column type=&#8220;1_3&#8243; _builder_version=&#8220;4.27.2&#8243; _module_preset=&#8220;40009ef1-984b-44b0-bfd2-1b163822bec9&#8243; custom_padding=&#8220;60px|40px|60px|40px|true|true&#8220; global_colors_info=&#8220;{}&#8220;][et_pb_heading title=&#8220;Inventar&#8220; _builder_version=&#8220;4.27.4&#8243; _module_preset=&#8220;df1101d0-acfc-4365-acdd-4fbebf70834a&#8220; title_text_color=&#8220;gcid-secondary-color&#8220; locked=&#8220;off&#8220; global_colors_info=&#8220;{%22gcid-secondary-color%22:%91%22title_text_color%22%93}&#8220;][\/et_pb_heading][et_pb_heading title=&#8220;90 000 qm Ger\u00fcstpark&#8220; _builder_version=&#8220;4.27.4&#8243; _module_preset=&#8220;e5fa5113-0465-467d-bdda-10445462d8b5&#8243; title_text_color=&#8220;gcid-primary-color&#8220; custom_margin=&#8220;||10px||false|false&#8220; global_colors_info=&#8220;{%22gcid-primary-color%22:%91%22title_text_color%22%93}&#8220;][\/et_pb_heading][et_pb_button button_text=&#8220;mehr Informationen&#8220; _builder_version=&#8220;4.27.4&#8243; _module_preset=&#8220;cd6dc156-39c8-4100-805d-c03f0c891d7c&#8220; global_colors_info=&#8220;{}&#8220;][\/et_pb_button][\/et_pb_column][\/et_pb_row][\/et_pb_section][et_pb_section fb_built=&#8220;1&#8243; specialty=&#8220;on&#8220; admin_label=&#8220;About&#8220; _builder_version=&#8220;4.27.2&#8243; _module_preset=&#8220;default&#8220; collapsed=&#8220;on&#8220; global_colors_info=&#8220;{}&#8220;][et_pb_column type=&#8220;1_2&#8243; _builder_version=&#8220;4.16&#8243; custom_padding=&#8220;|||&#8220; global_colors_info=&#8220;{}&#8220; custom_padding__hover=&#8220;|||&#8220;][et_pb_image src=&#8220;https:\/\/tg.data-typhoon.com\/wp-content\/uploads\/2025\/03\/geruestbau.avif&#8220; title_text=&#8220;geruestbau&#8220; _builder_version=&#8220;4.27.4&#8243; _module_preset=&#8220;default&#8220; locked=&#8220;off&#8220; global_colors_info=&#8220;{}&#8220;][\/et_pb_image][\/et_pb_column][et_pb_column type=&#8220;1_2&#8243; specialty_columns=&#8220;2&#8243; _builder_version=&#8220;4.16&#8243; custom_padding=&#8220;|||&#8220; global_colors_info=&#8220;{}&#8220; custom_padding__hover=&#8220;|||&#8220;][et_pb_row_inner _builder_version=&#8220;4.27.2&#8243; _module_preset=&#8220;default&#8220; custom_padding=&#8220;||0px||false|false&#8220; global_colors_info=&#8220;{}&#8220;][et_pb_column_inner saved_specialty_column_type=&#8220;1_2&#8243; _builder_version=&#8220;4.27.2&#8243; _module_preset=&#8220;default&#8220; global_colors_info=&#8220;{}&#8220;][et_pb_heading title=&#8220;\u00dcber uns&#8220; _builder_version=&#8220;4.27.4&#8243; _module_preset=&#8220;df1101d0-acfc-4365-acdd-4fbebf70834a&#8220; title_text_color=&#8220;gcid-secondary-color&#8220; locked=&#8220;off&#8220; global_colors_info=&#8220;{%22gcid-secondary-color%22:%91%22title_text_color%22%93}&#8220;][\/et_pb_heading][et_pb_heading title=&#8220;Ger\u00fcstbau seit 1993&#8243; _builder_version=&#8220;4.27.4&#8243; _module_preset=&#8220;6d1a58f4-c83b-423b-b496-231264d6c12f&#8220; custom_margin=&#8220;||10px||false|false&#8220; locked=&#8220;off&#8220; global_colors_info=&#8220;{}&#8220;][\/et_pb_heading][et_pb_text _builder_version=&#8220;4.27.4&#8243; _module_preset=&#8220;default&#8220; locked=&#8220;off&#8220; global_colors_info=&#8220;{}&#8220;]Beratung, st\u00e4ndige Kundenn\u00e4he und permanenter Dialog auf der Baustelle sichern Ihnen schnelle und preisbewusste Durchf\u00fchrungen Ihrer Projekte. Ihr Vertrauen in unsere Leistungen bedeutet eine gemeinsame Plattform f\u00fcr erfolgreiches Arbeiten.&#8220;[\/et_pb_text][\/et_pb_column_inner][\/et_pb_row_inner][et_pb_row_inner column_structure=&#8220;1_2,1_2&#8243; _builder_version=&#8220;4.27.2&#8243; _module_preset=&#8220;default&#8220; custom_padding=&#8220;||0px||false|false&#8220; global_colors_info=&#8220;{}&#8220;][et_pb_column_inner type=&#8220;1_2&#8243; saved_specialty_column_type=&#8220;1_2&#8243; _builder_version=&#8220;4.27.2&#8243; _module_preset=&#8220;default&#8220; global_colors_info=&#8220;{}&#8220;][et_pb_blurb title=&#8220;Velbert&#8220; use_icon=&#8220;on&#8220; font_icon=&#8220;&#xf276;||fa||900&#8243; _builder_version=&#8220;4.27.4&#8243; _module_preset=&#8220;b615d352-5a87-45b2-a1a3-ec8326746bfe&#8220; locked=&#8220;off&#8220; global_colors_info=&#8220;{}&#8220;][\/et_pb_blurb][et_pb_blurb title=&#8220;Wuppertal&#8220; use_icon=&#8220;on&#8220; font_icon=&#8220;&#xf276;||fa||900&#8243; _builder_version=&#8220;4.27.4&#8243; _module_preset=&#8220;b615d352-5a87-45b2-a1a3-ec8326746bfe&#8220; locked=&#8220;off&#8220; global_colors_info=&#8220;{}&#8220;][\/et_pb_blurb][et_pb_blurb title=&#8220;D\u00fcsseldorf&#8220; use_icon=&#8220;on&#8220; font_icon=&#8220;&#xf276;||fa||900&#8243; _builder_version=&#8220;4.27.4&#8243; _module_preset=&#8220;b615d352-5a87-45b2-a1a3-ec8326746bfe&#8220; locked=&#8220;off&#8220; global_colors_info=&#8220;{}&#8220;][\/et_pb_blurb][\/et_pb_column_inner][et_pb_column_inner type=&#8220;1_2&#8243; saved_specialty_column_type=&#8220;1_2&#8243; _builder_version=&#8220;4.27.2&#8243; _module_preset=&#8220;default&#8220; global_colors_info=&#8220;{}&#8220;][et_pb_blurb title=&#8220;Dortmund&#8220; use_icon=&#8220;on&#8220; font_icon=&#8220;&#xf276;||fa||900&#8243; _builder_version=&#8220;4.27.4&#8243; _module_preset=&#8220;b615d352-5a87-45b2-a1a3-ec8326746bfe&#8220; locked=&#8220;off&#8220; global_colors_info=&#8220;{}&#8220;][\/et_pb_blurb][et_pb_blurb title=&#8220;Duisburg&#8220; use_icon=&#8220;on&#8220; font_icon=&#8220;&#xf276;||fa||900&#8243; _builder_version=&#8220;4.27.4&#8243; _module_preset=&#8220;b615d352-5a87-45b2-a1a3-ec8326746bfe&#8220; locked=&#8220;off&#8220; global_colors_info=&#8220;{}&#8220;][\/et_pb_blurb][\/et_pb_column_inner][\/et_pb_row_inner][et_pb_row_inner _builder_version=&#8220;4.27.2&#8243; _module_preset=&#8220;default&#8220; global_colors_info=&#8220;{}&#8220;][et_pb_column_inner saved_specialty_column_type=&#8220;1_2&#8243; _builder_version=&#8220;4.27.2&#8243; _module_preset=&#8220;default&#8220; global_colors_info=&#8220;{}&#8220;][et_pb_button button_text=&#8220;Referenzen&#8220; _builder_version=&#8220;4.27.4&#8243; _module_preset=&#8220;cd6dc156-39c8-4100-805d-c03f0c891d7c&#8220; locked=&#8220;off&#8220; global_colors_info=&#8220;{}&#8220;][\/et_pb_button][\/et_pb_column_inner][\/et_pb_row_inner][\/et_pb_column][\/et_pb_section][et_pb_section fb_built=&#8220;1&#8243; admin_label=&#8220;Services&#8220; _builder_version=&#8220;4.27.2&#8243; _module_preset=&#8220;default&#8220; background_color=&#8220;#FFFFFF&#8220; use_background_color_gradient=&#8220;on&#8220; background_color_gradient_stops=&#8220;#ffffff 25%|gcid-primary-color 25%&#8220; collapsed=&#8220;on&#8220; global_colors_info=&#8220;{%22gcid-primary-color%22:%91%22background_color_gradient_stops%22%93}&#8220;][et_pb_row _builder_version=&#8220;4.27.2&#8243; _module_preset=&#8220;default&#8220; custom_padding=&#8220;||0px|||&#8220; global_colors_info=&#8220;{}&#8220;][et_pb_column type=&#8220;4_4&#8243; _builder_version=&#8220;4.27.2&#8243; _module_preset=&#8220;default&#8220; global_colors_info=&#8220;{}&#8220;][et_pb_heading title=&#8220;Unsere Leistungen&#8220; _builder_version=&#8220;4.27.4&#8243; _module_preset=&#8220;df1101d0-acfc-4365-acdd-4fbebf70834a&#8220; title_text_align=&#8220;center&#8220; title_text_color=&#8220;gcid-primary-color&#8220; hover_enabled=&#8220;0&#8243; global_colors_info=&#8220;{%22gcid-primary-color%22:%91%22title_text_color%22%93}&#8220; title_font_size=&#8220;31px&#8220; custom_margin=&#8220;||50px||false|false&#8220; sticky_enabled=&#8220;0&#8243;][\/et_pb_heading][\/et_pb_column][\/et_pb_row][et_pb_row column_structure=&#8220;1_4,1_4,1_4,1_4&#8243; use_custom_gutter=&#8220;on&#8220; gutter_width=&#8220;2&#8243; make_equal=&#8220;on&#8220; _builder_version=&#8220;4.27.2&#8243; _module_preset=&#8220;default&#8220; global_colors_info=&#8220;{}&#8220;][et_pb_column type=&#8220;1_4&#8243; _builder_version=&#8220;4.27.2&#8243; _module_preset=&#8220;5826aab9-2c6f-4f66-91c2-0f6846bcccc7&#8243; custom_padding=&#8220;20px|20px|20px|20px|true|true&#8220; global_colors_info=&#8220;{}&#8220;][et_pb_icon font_icon=&#8220;&#xf058;||fa||900&#8243; icon_color=&#8220;gcid-secondary-color&#8220; _builder_version=&#8220;4.27.4&#8243; _module_preset=&#8220;5360c346-cc4d-41ed-9dea-3f6bcd8d986b&#8220; global_colors_info=&#8220;{%22gcid-secondary-color%22:%91%22icon_color%22%93}&#8220;][\/et_pb_icon][et_pb_heading title=&#8220;Fassadenger\u00fcste&#8220; _builder_version=&#8220;4.27.4&#8243; _module_preset=&#8220;6556fb49-5487-4a6a-b12f-c332efd7ca67&#8243; title_text_align=&#8220;center&#8220; custom_margin=&#8220;||0px||false|false&#8220; global_colors_info=&#8220;{}&#8220;][\/et_pb_heading][et_pb_text _builder_version=&#8220;4.27.4&#8243; _module_preset=&#8220;7bdda0b8-7f47-43df-bf13-617ed11c4c0f&#8220; text_orientation=&#8220;center&#8220; global_colors_info=&#8220;{}&#8220;]Wir bieten sichere und stabile Fassadenger\u00fcste f\u00fcr Sanierungs-, Maler- und Bauarbeiten jeder Art.[\/et_pb_text][\/et_pb_column][et_pb_column type=&#8220;1_4&#8243; _builder_version=&#8220;4.27.2&#8243; _module_preset=&#8220;5826aab9-2c6f-4f66-91c2-0f6846bcccc7&#8243; custom_padding=&#8220;20px|20px|20px|20px|true|true&#8220; global_colors_info=&#8220;{}&#8220;][et_pb_icon font_icon=&#8220;&#xf058;||fa||900&#8243; icon_color=&#8220;gcid-secondary-color&#8220; _builder_version=&#8220;4.27.4&#8243; _module_preset=&#8220;5360c346-cc4d-41ed-9dea-3f6bcd8d986b&#8220; global_colors_info=&#8220;{%22gcid-secondary-color%22:%91%22icon_color%22%93}&#8220;][\/et_pb_icon][et_pb_heading title=&#8220;Industrieger\u00fcste&#8220; _builder_version=&#8220;4.27.4&#8243; _module_preset=&#8220;6556fb49-5487-4a6a-b12f-c332efd7ca67&#8243; title_text_align=&#8220;center&#8220; custom_margin=&#8220;||0px||false|false&#8220; global_colors_info=&#8220;{}&#8220;][\/et_pb_heading][et_pb_text _builder_version=&#8220;4.27.4&#8243; _module_preset=&#8220;7bdda0b8-7f47-43df-bf13-617ed11c4c0f&#8220; text_orientation=&#8220;center&#8220; global_colors_info=&#8220;{}&#8220;]<\/p>\n<p>Unsere Spezialger\u00fcste f\u00fcr Industrieanlagen gew\u00e4hrleisten h\u00f6chste Sicherheit und Effizienz bei komplexen Bauprojekten.<\/p>\n<p>[\/et_pb_text][\/et_pb_column][et_pb_column type=&#8220;1_4&#8243; _builder_version=&#8220;4.27.2&#8243; _module_preset=&#8220;5826aab9-2c6f-4f66-91c2-0f6846bcccc7&#8243; custom_padding=&#8220;20px|20px|20px|20px|true|true&#8220; global_colors_info=&#8220;{}&#8220;][et_pb_icon font_icon=&#8220;&#xf058;||fa||900&#8243; icon_color=&#8220;gcid-secondary-color&#8220; _builder_version=&#8220;4.27.4&#8243; _module_preset=&#8220;5360c346-cc4d-41ed-9dea-3f6bcd8d986b&#8220; global_colors_info=&#8220;{%22gcid-secondary-color%22:%91%22icon_color%22%93}&#8220;][\/et_pb_icon][et_pb_heading title=&#8220;Spezialger\u00fcste&#8220; _builder_version=&#8220;4.27.4&#8243; _module_preset=&#8220;6556fb49-5487-4a6a-b12f-c332efd7ca67&#8243; title_text_align=&#8220;center&#8220; custom_margin=&#8220;||0px||false|false&#8220; global_colors_info=&#8220;{}&#8220;][\/et_pb_heading][et_pb_text _builder_version=&#8220;4.27.4&#8243; _module_preset=&#8220;7bdda0b8-7f47-43df-bf13-617ed11c4c0f&#8220; text_orientation=&#8220;center&#8220; global_colors_info=&#8220;{}&#8220;]<\/p>\n<p>Individuelle Ger\u00fcstl\u00f6sungen f\u00fcr anspruchsvolle Projekte, angepasst an die jeweiligen Gegebenheiten.<\/p>\n<p>[\/et_pb_text][\/et_pb_column][et_pb_column type=&#8220;1_4&#8243; _builder_version=&#8220;4.27.2&#8243; _module_preset=&#8220;5826aab9-2c6f-4f66-91c2-0f6846bcccc7&#8243; custom_padding=&#8220;20px|20px|20px|20px|true|true&#8220; global_colors_info=&#8220;{}&#8220;][et_pb_icon font_icon=&#8220;&#xf058;||fa||900&#8243; icon_color=&#8220;gcid-secondary-color&#8220; _builder_version=&#8220;4.27.4&#8243; _module_preset=&#8220;5360c346-cc4d-41ed-9dea-3f6bcd8d986b&#8220; global_colors_info=&#8220;{%22gcid-secondary-color%22:%91%22icon_color%22%93}&#8220;][\/et_pb_icon][et_pb_heading title=&#8220;Bauaufz\u00fcge &#038; Arbeitsb\u00fchnen&#8220; _builder_version=&#8220;4.27.4&#8243; _module_preset=&#8220;6556fb49-5487-4a6a-b12f-c332efd7ca67&#8243; title_text_align=&#8220;center&#8220; custom_margin=&#8220;||0px||false|false&#8220; global_colors_info=&#8220;{}&#8220;][\/et_pb_heading][et_pb_text _builder_version=&#8220;4.27.4&#8243; _module_preset=&#8220;7bdda0b8-7f47-43df-bf13-617ed11c4c0f&#8220; text_orientation=&#8220;center&#8220; global_colors_info=&#8220;{}&#8220;]<\/p>\n<p>Moderne Technik f\u00fcr sicheres Arbeiten in jeder H\u00f6he, ideal f\u00fcr den Material- und Personentransport.<\/p>\n<p>[\/et_pb_text][\/et_pb_column][\/et_pb_row][\/et_pb_section][et_pb_section fb_built=&#8220;1&#8243; admin_label=&#8220;Call To Action&#8220; _builder_version=&#8220;4.27.4&#8243; _module_preset=&#8220;a00bf529-2aa1-4438-9a1a-30e20c38721c&#8220; use_background_color_gradient=&#8220;on&#8220; background_color_gradient_stops=&#8220;gcid-primary-color 0%|rgba(0,46,108,0.67) 90%&#8220; background_color_gradient_overlays_image=&#8220;on&#8220; background_image=&#8220;https:\/\/tg.data-typhoon.com\/wp-content\/uploads\/2025\/03\/hintergrund.webp&#8220; hover_enabled=&#8220;0&#8243; global_colors_info=&#8220;{%22gcid-primary-color%22:%91%22background_color%22,%22background_color%22%93}&#8220; parallax=&#8220;on&#8220; sticky_enabled=&#8220;0&#8243;][et_pb_row _builder_version=&#8220;4.27.2&#8243; _module_preset=&#8220;_initial&#8220; global_colors_info=&#8220;{}&#8220;][et_pb_column type=&#8220;4_4&#8243; _builder_version=&#8220;4.27.2&#8243; _module_preset=&#8220;default&#8220; global_colors_info=&#8220;{}&#8220;][et_pb_heading title=&#8220;Flexibilit\u00e4t, Leistungsf\u00e4higkeit und Preisw\u00fcrdigkeit  sind unsere Parameter.&#8220; _builder_version=&#8220;4.27.4&#8243; _module_preset=&#8220;1babb2f1-3b6a-4d54-81a7-d46b6a39fcd8&#8243; title_level=&#8220;h2&#8243; title_text_align=&#8220;center&#8220; title_text_color=&#8220;#FFFFFF&#8220; title_font_size=&#8220;29px&#8220; custom_margin=&#8220;||10px||false|false&#8220; global_colors_info=&#8220;{}&#8220;][\/et_pb_heading][et_pb_text _builder_version=&#8220;4.27.4&#8243; _module_preset=&#8220;91911c88-3c12-4fd1-b37c-724a83880001&#8243; text_orientation=&#8220;center&#8220; max_width=&#8220;800px&#8220; module_alignment=&#8220;center&#8220; global_colors_info=&#8220;{}&#8220;]<\/p>\n<p>Ihr Vertrauen in unsere Leistungen bedeutet eine gemeinsame Plattform f\u00fcr erfolgreiches Arbeiten. Im Ger\u00fcstbau steht Sicherheit f\u00fcr Qualit\u00e4t und Qualit\u00e4t f\u00fcr Sicherheit!<\/p>\n<p>[\/et_pb_text][et_pb_heading title=&#8220;Telefon: 02052-961380&#8243; _builder_version=&#8220;4.27.4&#8243; _module_preset=&#8220;6d1a58f4-c83b-423b-b496-231264d6c12f&#8220; title_text_align=&#8220;center&#8220; title_text_color=&#8220;#FFFFFF&#8220; global_colors_info=&#8220;{}&#8220;][\/et_pb_heading][et_pb_button button_text=&#8220;Kontaktieren sie uns&#8220; button_alignment=&#8220;center&#8220; _builder_version=&#8220;4.27.4&#8243; _module_preset=&#8220;85081c50-02ef-4ab1-9607-312100dae345&#8243; locked=&#8220;off&#8220; global_colors_info=&#8220;{}&#8220;][\/et_pb_button][\/et_pb_column][\/et_pb_row][\/et_pb_section]<\/p>\n","protected":false},"excerpt":{"rendered":"<p>Beratung, st\u00e4ndige Kundenn\u00e4he und permanenter Dialog auf der Baustelle sichern Ihnen schnelle und preisbewusste Durchf\u00fchrungen Ihrer Projekte. Ihr Vertrauen in unsere Leistungen bedeutet eine gemeinsame Plattform f\u00fcr erfolgreiches Arbeiten.&#8220;Wir bieten sichere und stabile Fassadenger\u00fcste f\u00fcr Sanierungs-, Maler- und Bauarbeiten jeder Art.Unsere Spezialger\u00fcste f\u00fcr Industrieanlagen gew\u00e4hrleisten h\u00f6chste Sicherheit und Effizienz bei komplexen Bauprojekten.Individuelle Ger\u00fcstl\u00f6sungen f\u00fcr anspruchsvolle [&hellip;]<\/p>\n","protected":false},"author":1,"featured_media":0,"parent":0,"menu_order":0,"comment_status":"closed","ping_status":"closed","template":"","meta":{"_et_pb_use_builder":"on","_et_pb_old_content":"","_et_gb_content_width":"","footnotes":""},"class_list":["post-11","page","type-page","status-publish","hentry"],"_links":{"self":[{"href":"https:\/\/tg.data-typhoon.com\/index.php?rest_route=\/wp\/v2\/pages\/11","targetHints":{"allow":["GET"]}}],"collection":[{"href":"https:\/\/tg.data-typhoon.com\/index.php?rest_route=\/wp\/v2\/pages"}],"about":[{"href":"https:\/\/tg.data-typhoon.com\/index.php?rest_route=\/wp\/v2\/types\/page"}],"author":[{"embeddable":true,"href":"https:\/\/tg.data-typhoon.com\/index.php?rest_route=\/wp\/v2\/users\/1"}],"replies":[{"embeddable":true,"href":"https:\/\/tg.data-typhoon.com\/index.php?rest_route=%2Fwp%2Fv2%2Fcomments&post=11"}],"version-history":[{"count":5,"href":"https:\/\/tg.data-typhoon.com\/index.php?rest_route=\/wp\/v2\/pages\/11\/revisions"}],"predecessor-version":[{"id":64,"href":"https:\/\/tg.data-typhoon.com\/index.php?rest_route=\/wp\/v2\/pages\/11\/revisions\/64"}],"wp:attachment":[{"href":"https:\/\/tg.data-typhoon.com\/index.php?rest_route=%2Fwp%2Fv2%2Fmedia&parent=11"}],"curies":[{"name":"wp","href":"https:\/\/api.w.org\/{rel}","templated":true}]}}